{"id":57980,"date":"2018-11-01T21:33:38","date_gmt":"2018-11-01T20:33:38","guid":{"rendered":"https:\/\/smgw.fr\/?post_type=product&#038;p=57980"},"modified":"2018-11-01T21:46:17","modified_gmt":"2018-11-01T20:46:17","slug":"powered-by-mtu","status":"publish","type":"product","link":"https:\/\/smgw.fr\/?product=powered-by-mtu","title":{"rendered":"Powered by MTU"},"content":{"rendered":"","protected":false},"excerpt":{"rendered":"<p class=\"serie-subtitulo\">Powered by <strong>MTU<\/strong><\/p>\n<p style=\"font-weight: 400;\"><strong>SMILAIR MGW<\/strong> vous propose une gamme compl\u00e8te de groupes \u00e9lectrog\u00e8nes ch\u00e2ssis, capot\u00e9 insonoris\u00e9 et container de hautes qualit\u00e9s, adapt\u00e9s pour vos besoins en \u00e9nergies.<\/p>\n<p>&nbsp;<\/p>\n<p style=\"font-weight: 400;\">Une gamme de puissance allant de 460 kVA \u00e0 3000 kVA PRP<\/p>\n<p>&nbsp;<\/p>\n[table id=11 \/]\n","protected":false},"featured_media":57982,"comment_status":"closed","ping_status":"closed","template":"","meta":{"_monsterinsights_skip_tracking":false,"_monsterinsights_sitenote_active":false,"_monsterinsights_sitenote_note":"","_monsterinsights_sitenote_category":0},"class_list":{"0":"post-57980","1":"product","2":"type-product","3":"status-publish","4":"has-post-thumbnail","6":"product_cat-ge-industriels","7":"tm-has-options","9":"first","10":"onbackorder","11":"taxable","12":"shipping-taxable","13":"product-type-simple"},"_links":{"self":[{"href":"https:\/\/smgw.fr\/index.php?rest_route=\/wp\/v2\/product\/57980","targetHints":{"allow":["GET"]}}],"collection":[{"href":"https:\/\/smgw.fr\/index.php?rest_route=\/wp\/v2\/product"}],"about":[{"href":"https:\/\/smgw.fr\/index.php?rest_route=\/wp\/v2\/types\/product"}],"replies":[{"embeddable":true,"href":"https:\/\/smgw.fr\/index.php?rest_route=%2Fwp%2Fv2%2Fcomments&post=57980"}],"wp:featuredmedia":[{"embeddable":true,"href":"https:\/\/smgw.fr\/index.php?rest_route=\/wp\/v2\/media\/57982"}],"wp:attachment":[{"href":"https:\/\/smgw.fr\/index.php?rest_route=%2Fwp%2Fv2%2Fmedia&parent=57980"}],"curies":[{"name":"wp","href":"https:\/\/api.w.org\/{rel}","templated":true}]}}