{"id":57917,"date":"2018-09-03T19:30:42","date_gmt":"2018-09-03T17:30:42","guid":{"rendered":"https:\/\/smgw.fr\/?post_type=product&#038;p=57917"},"modified":"2018-10-28T19:17:47","modified_gmt":"2018-10-28T18:17:47","slug":"powered-by-fpt_iveco","status":"publish","type":"product","link":"https:\/\/smgw.fr\/?product=powered-by-fpt_iveco","title":{"rendered":"Powered by FPT_IVECO"},"content":{"rendered":"","protected":false},"excerpt":{"rendered":"<p class=\"serie-subtitulo\">Powered by <strong>FPT_IVECO<\/strong><\/p>\n<p style=\"font-weight: 400;\"><strong>SMILAIR MGW<\/strong> vous propose une gamme compl\u00e8te de groupes \u00e9lectrog\u00e8nes ch\u00e2ssis, capot\u00e9 insonoris\u00e9 et container de hautes qualit\u00e9s, adapt\u00e9s pour vos besoins en \u00e9nergies.<\/p>\n<p>&nbsp;<\/p>\n<p style=\"font-weight: 400;\">Une gamme de puissance allant de 30 kVA \u00e0 600 kVA PRP<\/p>\n<p>&nbsp;<\/p>\n[table id=2 \/]\n","protected":false},"featured_media":57927,"comment_status":"closed","ping_status":"closed","template":"","meta":{"_monsterinsights_skip_tracking":false,"_monsterinsights_sitenote_active":false,"_monsterinsights_sitenote_note":"","_monsterinsights_sitenote_category":0},"class_list":{"0":"post-57917","1":"product","2":"type-product","3":"status-publish","4":"has-post-thumbnail","6":"product_cat-ge-industriels","7":"tm-has-options","9":"first","10":"onbackorder","11":"taxable","12":"shipping-taxable","13":"product-type-simple"},"_links":{"self":[{"href":"https:\/\/smgw.fr\/index.php?rest_route=\/wp\/v2\/product\/57917","targetHints":{"allow":["GET"]}}],"collection":[{"href":"https:\/\/smgw.fr\/index.php?rest_route=\/wp\/v2\/product"}],"about":[{"href":"https:\/\/smgw.fr\/index.php?rest_route=\/wp\/v2\/types\/product"}],"replies":[{"embeddable":true,"href":"https:\/\/smgw.fr\/index.php?rest_route=%2Fwp%2Fv2%2Fcomments&post=57917"}],"wp:featuredmedia":[{"embeddable":true,"href":"https:\/\/smgw.fr\/index.php?rest_route=\/wp\/v2\/media\/57927"}],"wp:attachment":[{"href":"https:\/\/smgw.fr\/index.php?rest_route=%2Fwp%2Fv2%2Fmedia&parent=57917"}],"curies":[{"name":"wp","href":"https:\/\/api.w.org\/{rel}","templated":true}]}}