{"id":57837,"date":"2018-05-15T14:30:38","date_gmt":"2018-05-15T12:30:38","guid":{"rendered":"https:\/\/smgw.fr\/?post_type=product&#038;p=57837"},"modified":"2018-11-27T17:01:03","modified_gmt":"2018-11-27T16:01:03","slug":"ge-80-kva","status":"publish","type":"product","link":"https:\/\/smgw.fr\/?product=ge-80-kva","title":{"rendered":"GE 80 kVA"},"content":{"rendered":"","protected":false},"excerpt":{"rendered":"<p style=\"font-weight: 400;\">Groupe \u00e9lectrog\u00e8ne capot\u00e9 insonoris\u00e9 d\u2019une puissance de 80 kVA \u2013 Moteur Volvo \u2013 Alternateur Unelec \u2013 Automatisme Logica<\/p>\n<p>&nbsp;<\/p>\n","protected":false},"featured_media":57838,"comment_status":"closed","ping_status":"closed","template":"","meta":{"_monsterinsights_skip_tracking":false,"_monsterinsights_sitenote_active":false,"_monsterinsights_sitenote_note":"","_monsterinsights_sitenote_category":0},"class_list":{"0":"post-57837","1":"product","2":"type-product","3":"status-publish","4":"has-post-thumbnail","6":"product_cat-occasions","7":"tm-has-options","9":"first","10":"onbackorder","11":"taxable","12":"shipping-taxable","13":"product-type-simple"},"_links":{"self":[{"href":"https:\/\/smgw.fr\/index.php?rest_route=\/wp\/v2\/product\/57837","targetHints":{"allow":["GET"]}}],"collection":[{"href":"https:\/\/smgw.fr\/index.php?rest_route=\/wp\/v2\/product"}],"about":[{"href":"https:\/\/smgw.fr\/index.php?rest_route=\/wp\/v2\/types\/product"}],"replies":[{"embeddable":true,"href":"https:\/\/smgw.fr\/index.php?rest_route=%2Fwp%2Fv2%2Fcomments&post=57837"}],"wp:featuredmedia":[{"embeddable":true,"href":"https:\/\/smgw.fr\/index.php?rest_route=\/wp\/v2\/media\/57838"}],"wp:attachment":[{"href":"https:\/\/smgw.fr\/index.php?rest_route=%2Fwp%2Fv2%2Fmedia&parent=57837"}],"curies":[{"name":"wp","href":"https:\/\/api.w.org\/{rel}","templated":true}]}}