{"id":50553,"date":"2015-09-10T10:17:07","date_gmt":"2015-09-10T10:17:07","guid":{"rendered":"http:\/\/pitch.select-themes.com\/?post_type=product&#038;p=50553"},"modified":"2018-11-22T19:05:04","modified_gmt":"2018-11-22T18:05:04","slug":"e3200-230v-50hz","status":"publish","type":"product","link":"https:\/\/smgw.fr\/?product=e3200-230v-50hz","title":{"rendered":"E3200 &#8211; 230V &#8211; 50HZ"},"content":{"rendered":"","protected":false},"excerpt":{"rendered":"<p style=\"font-weight: 400;\">Les groupes de la s\u00e9rie E sont destin\u00e9s aux applications professionnelles, con\u00e7us \u00e0 partir d&rsquo;une configuration simple, ils sont \u00e9conomiques, robustes et fiables.<\/p>\n<p>&nbsp;<\/p>\n<ul>\n<li style=\"font-weight: 400;\">Fiche produit :\u00a0<a href=\"https:\/\/smgw.fr\/wp-content\/uploads\/2015\/09\/E3200-230V-50Hz-2018-05-12-19-01-29.pdf\" target=\"_blank\" rel=\"noopener\">E3200 (format .pdf)<\/a><\/li>\n<\/ul>\n<p>&nbsp;<\/p>\n","protected":false},"featured_media":57830,"comment_status":"closed","ping_status":"closed","template":"","meta":{"_monsterinsights_skip_tracking":false,"_monsterinsights_sitenote_active":false,"_monsterinsights_sitenote_note":"","_monsterinsights_sitenote_category":0},"class_list":{"0":"post-50553","1":"product","2":"type-product","3":"status-publish","4":"has-post-thumbnail","6":"product_cat-ge-portables","7":"tm-has-options","9":"first","10":"onbackorder","11":"taxable","12":"shipping-taxable","13":"product-type-simple"},"_links":{"self":[{"href":"https:\/\/smgw.fr\/index.php?rest_route=\/wp\/v2\/product\/50553","targetHints":{"allow":["GET"]}}],"collection":[{"href":"https:\/\/smgw.fr\/index.php?rest_route=\/wp\/v2\/product"}],"about":[{"href":"https:\/\/smgw.fr\/index.php?rest_route=\/wp\/v2\/types\/product"}],"replies":[{"embeddable":true,"href":"https:\/\/smgw.fr\/index.php?rest_route=%2Fwp%2Fv2%2Fcomments&post=50553"}],"wp:featuredmedia":[{"embeddable":true,"href":"https:\/\/smgw.fr\/index.php?rest_route=\/wp\/v2\/media\/57830"}],"wp:attachment":[{"href":"https:\/\/smgw.fr\/index.php?rest_route=%2Fwp%2Fv2%2Fmedia&parent=50553"}],"curies":[{"name":"wp","href":"https:\/\/api.w.org\/{rel}","templated":true}]}}