{"id":57791,"date":"2018-05-15T09:55:40","date_gmt":"2018-05-15T07:55:40","guid":{"rendered":"https:\/\/smgw.fr\/?page_id=57791"},"modified":"2018-05-15T09:55:40","modified_gmt":"2018-05-15T07:55:40","slug":"notre-savoir-faire-2","status":"publish","type":"page","link":"https:\/\/smgw.fr\/?page_id=57791","title":{"rendered":"Notre savoir-faire"},"content":{"rendered":"<p>[vc_row row_type=\u00a0\u00bbrow\u00a0\u00bb use_row_as_full_screen_section=\u00a0\u00bbno\u00a0\u00bb type=\u00a0\u00bbgrid\u00a0\u00bb text_align=\u00a0\u00bbleft\u00a0\u00bb padding_top=\u00a0\u00bb60&Prime; padding_bottom=\u00a0\u00bb60&Prime; css_animation=\u00a0\u00bb\u00a0\u00bb box_shadow_on_row=\u00a0\u00bbno\u00a0\u00bb oblique_section=\u00a0\u00bbno\u00a0\u00bb triangle_shape=\u00a0\u00bbno\u00a0\u00bb][vc_column offset=\u00a0\u00bbvc_col-md-6&Prime;][vc_column_text]<\/p>\n<h6>Notre savoir-faire<\/h6>\n<p>[\/vc_column_text]<div class=\"custom_font_holder\" style=\"font-family: Montserrat; font-size: 25px; line-height: 30px; font-style: normal; font-weight: 700; color: #2e2e2e; text-decoration: none; letter-spacing: -1px;; text-transform: capitalize; text-align: left\" data-font-size=25 data-line-height=30 ><div  ><p>\u00ab\u00a0Une exp\u00e9rience en perp\u00e9tuelle \u00e9volution\u00a0\u00bb<\/p>\n<\/div><\/div>[vc_separator type=\u00a0\u00bbtransparent\u00a0\u00bb up=\u00a0\u00bb19&Prime; up_style=\u00a0\u00bbpx\u00a0\u00bb down=\u00a0\u00bb0&Prime; down_style=\u00a0\u00bbpx\u00a0\u00bb][vc_column_text]Notre savoir-faire dans le domaine du groupe \u00e9lectrog\u00e8ne, nous permet de proposer un large spectre de comp\u00e9tences. Nos domaines d\u2019interventions vont de la prescription en solutions techniques innovantes, de l\u2019ing\u00e9nierie, de l\u2019\u00e9tude \u00e0 la r\u00e9alisation de centrales de Groupes Electrog\u00e8nes.<br \/>\nNous intervenons dans le respect des cahiers des charges propos\u00e9s pour proc\u00e9der \u00e0 la r\u00e9alisation des installations.<br \/>\nConscient des enjeux, <strong>SMILAIR MGW<\/strong> est engag\u00e9 dans des d\u00e9marches qualit\u00e9, soci\u00e9tales et environnementales avec une <strong>Certification RSE<\/strong>.[\/vc_column_text][vc_separator type=\u00a0\u00bbtransparent\u00a0\u00bb up=\u00a0\u00bb40&Prime; up_style=\u00a0\u00bbpx\u00a0\u00bb down=\u00a0\u00bb0&Prime; down_style=\u00a0\u00bbpx\u00a0\u00bb][\/vc_column][vc_column offset=\u00a0\u00bbvc_col-md-6&Prime; css=\u00a0\u00bb.vc_custom_1444897118246{padding-left: 4% !important;}\u00a0\u00bb][vc_single_image image=\u00a0\u00bb57206&Prime; img_size=\u00a0\u00bbfull\u00a0\u00bb qode_hover_animation=\u00a0\u00bb\u00a0\u00bb qode_css_animation=\u00a0\u00bb\u00a0\u00bb][\/vc_column][\/vc_row]<\/p>\n","protected":false},"excerpt":{"rendered":"<p>[vc_row row_type=\u00a0\u00bbrow\u00a0\u00bb use_row_as_full_screen_section=\u00a0\u00bbno\u00a0\u00bb type=\u00a0\u00bbgrid\u00a0\u00bb text_align=\u00a0\u00bbleft\u00a0\u00bb padding_top=\u00a0\u00bb60&Prime; padding_bottom=\u00a0\u00bb60&Prime; css_animation=\u00a0\u00bb\u00a0\u00bb box_shadow_on_row=\u00a0\u00bbno\u00a0\u00bb oblique_section=\u00a0\u00bbno\u00a0\u00bb triangle_shape=\u00a0\u00bbno\u00a0\u00bb][vc_column offset=\u00a0\u00bbvc_col-md-6&Prime;][vc_column_text] Notre savoir-faire [\/vc_column_text][vc_separator type=\u00a0\u00bbtransparent\u00a0\u00bb up=\u00a0\u00bb19&Prime; up_style=\u00a0\u00bbpx\u00a0\u00bb down=\u00a0\u00bb0&Prime; down_style=\u00a0\u00bbpx\u00a0\u00bb][vc_column_text]Notre savoir-faire dans le domaine du groupe \u00e9lectrog\u00e8ne, nous permet de proposer un large spectre de comp\u00e9tences. Nos domaines d\u2019interventions vont de la prescription en solutions&#8230;<\/p>\n","protected":false},"author":1,"featured_media":0,"parent":0,"menu_order":0,"comment_status":"closed","ping_status":"closed","template":"","meta":{"_monsterinsights_skip_tracking":false,"_monsterinsights_sitenote_active":false,"_monsterinsights_sitenote_note":"","_monsterinsights_sitenote_category":0,"footnotes":""},"class_list":["post-57791","page","type-page","status-publish","hentry"],"_links":{"self":[{"href":"https:\/\/smgw.fr\/index.php?rest_route=\/wp\/v2\/pages\/57791","targetHints":{"allow":["GET"]}}],"collection":[{"href":"https:\/\/smgw.fr\/index.php?rest_route=\/wp\/v2\/pages"}],"about":[{"href":"https:\/\/smgw.fr\/index.php?rest_route=\/wp\/v2\/types\/page"}],"author":[{"embeddable":true,"href":"https:\/\/smgw.fr\/index.php?rest_route=\/wp\/v2\/users\/1"}],"replies":[{"embeddable":true,"href":"https:\/\/smgw.fr\/index.php?rest_route=%2Fwp%2Fv2%2Fcomments&post=57791"}],"version-history":[{"count":2,"href":"https:\/\/smgw.fr\/index.php?rest_route=\/wp\/v2\/pages\/57791\/revisions"}],"predecessor-version":[{"id":57793,"href":"https:\/\/smgw.fr\/index.php?rest_route=\/wp\/v2\/pages\/57791\/revisions\/57793"}],"wp:attachment":[{"href":"https:\/\/smgw.fr\/index.php?rest_route=%2Fwp%2Fv2%2Fmedia&parent=57791"}],"curies":[{"name":"wp","href":"https:\/\/api.w.org\/{rel}","templated":true}]}}