{"id":57782,"date":"2018-05-15T09:40:44","date_gmt":"2018-05-15T07:40:44","guid":{"rendered":"https:\/\/smgw.fr\/?page_id=57782"},"modified":"2018-05-15T09:47:41","modified_gmt":"2018-05-15T07:47:41","slug":"nos-metiers","status":"publish","type":"page","link":"https:\/\/smgw.fr\/?page_id=57782","title":{"rendered":"Nos m\u00e9tiers"},"content":{"rendered":"<p>[vc_row row_type=\u00a0\u00bbrow\u00a0\u00bb use_row_as_full_screen_section=\u00a0\u00bbno\u00a0\u00bb type=\u00a0\u00bbgrid\u00a0\u00bb text_align=\u00a0\u00bbleft\u00a0\u00bb background_image=\u00a0\u00bb54965&Prime; padding_top=\u00a0\u00bb60&Prime; padding_bottom=\u00a0\u00bb60&Prime; css_animation=\u00a0\u00bb\u00a0\u00bb box_shadow_on_row=\u00a0\u00bbno\u00a0\u00bb oblique_section=\u00a0\u00bbno\u00a0\u00bb triangle_shape=\u00a0\u00bbno\u00a0\u00bb][vc_column width=\u00a0\u00bb5\/12&Prime; offset=\u00a0\u00bbvc_col-md-5&Prime;][vc_row_inner row_type=\u00a0\u00bbrow\u00a0\u00bb type=\u00a0\u00bbfull_width\u00a0\u00bb use_row_as_full_screen_section_slide=\u00a0\u00bbno\u00a0\u00bb text_align=\u00a0\u00bbleft\u00a0\u00bb css_animation=\u00a0\u00bbelement_from_right\u00a0\u00bb box_shadow_on_row=\u00a0\u00bbno\u00a0\u00bb][vc_column_inner][no_elements_holder number_of_columns=\u00a0\u00bbone_column\u00a0\u00bb][no_elements_holder_item background_image=\u00a0\u00bb52511&Prime; item_padding=\u00a0\u00bb5% 3% 6% 9%\u00a0\u00bb aligment=\u00a0\u00bbleft\u00a0\u00bb advanced_animations=\u00a0\u00bbno\u00a0\u00bb item_padding_600_768=\u00a0\u00bb6% 2% 6% 16%\u00a0\u00bb item_padding_480_600=\u00a0\u00bb6% 2% 6% 16%\u00a0\u00bb item_padding_480=\u00a0\u00bb6% 6% 6% 20%\u00a0\u00bb][vc_column_text]<\/p>\n<h6>Nos m\u00e9tiers<\/h6>\n<p>[\/vc_column_text]<div class=\"custom_font_holder\" style=\"font-family: Montserrat; font-size: 25px; line-height: 30px; font-style: normal; font-weight: 700; color: #2e2e2e; text-decoration: none; letter-spacing: -1px;; text-transform: capitalize; text-align: left\" data-font-size=25 data-line-height=30 ><div  ><p>\u00ab\u00a0Toute une \u00e9nergie diff\u00e9rente\u00a0\u00bb<\/p>\n<\/div><\/div>[vc_separator type=\u00a0\u00bbtransparent\u00a0\u00bb up=\u00a0\u00bb18&Prime; up_style=\u00a0\u00bbpx\u00a0\u00bb down=\u00a0\u00bb0&Prime; down_style=\u00a0\u00bbpx\u00a0\u00bb][vc_column_text]<\/p>\n<ul>\n<li>Etude, vente et installation de Groupes \u00c9lectrog\u00e8nes industrielles toutes puissances<\/li>\n<li>Contrats de maintenance de Groupes \u00c9lectrog\u00e8nes<\/li>\n<li>Services &amp; Maintenance \u2013 Pi\u00e8ces d\u00e9tach\u00e9es<\/li>\n<li>Astreinte 24*7 \u2013 T\u00e9l\u00e9gestion\/T\u00e9l\u00e9surveillance<\/li>\n<li>Location de Groupes \u00c9lectrog\u00e8nes<\/li>\n<li>Onduleurs \u2013 Electricit\u00e9 industrielle \u2013 Automatisme<\/li>\n<\/ul>\n<p>[\/vc_column_text][vc_separator type=\u00a0\u00bbtransparent\u00a0\u00bb up=\u00a0\u00bb24&Prime; up_style=\u00a0\u00bbpx\u00a0\u00bb down=\u00a0\u00bb0&Prime; down_style=\u00a0\u00bbpx\u00a0\u00bb][\/no_elements_holder_item][\/no_elements_holder][\/vc_column_inner][\/vc_row_inner][\/vc_column][vc_column width=\u00a0\u00bb7\/12&Prime; offset=\u00a0\u00bbvc_col-md-7&Prime;][vc_separator type=\u00a0\u00bbtransparent\u00a0\u00bb up=\u00a0\u00bb35&Prime; up_style=\u00a0\u00bbpx\u00a0\u00bb down=\u00a0\u00bb0&Prime; down_style=\u00a0\u00bbpx\u00a0\u00bb][vc_single_image image=\u00a0\u00bb57204&Prime; img_size=\u00a0\u00bbfull\u00a0\u00bb qode_hover_animation=\u00a0\u00bb\u00a0\u00bb qode_css_animation=\u00a0\u00bb\u00a0\u00bb][vc_column_text]<a name=\"savoirfaire\"><\/a>[\/vc_column_text][\/vc_column][\/vc_row]<\/p>\n","protected":false},"excerpt":{"rendered":"<p>[vc_row row_type=\u00a0\u00bbrow\u00a0\u00bb use_row_as_full_screen_section=\u00a0\u00bbno\u00a0\u00bb type=\u00a0\u00bbgrid\u00a0\u00bb text_align=\u00a0\u00bbleft\u00a0\u00bb background_image=\u00a0\u00bb54965&Prime; padding_top=\u00a0\u00bb60&Prime; padding_bottom=\u00a0\u00bb60&Prime; css_animation=\u00a0\u00bb\u00a0\u00bb box_shadow_on_row=\u00a0\u00bbno\u00a0\u00bb oblique_section=\u00a0\u00bbno\u00a0\u00bb triangle_shape=\u00a0\u00bbno\u00a0\u00bb][vc_column width=\u00a0\u00bb5\/12&Prime; offset=\u00a0\u00bbvc_col-md-5&Prime;][vc_row_inner row_type=\u00a0\u00bbrow\u00a0\u00bb type=\u00a0\u00bbfull_width\u00a0\u00bb use_row_as_full_screen_section_slide=\u00a0\u00bbno\u00a0\u00bb text_align=\u00a0\u00bbleft\u00a0\u00bb css_animation=\u00a0\u00bbelement_from_right\u00a0\u00bb box_shadow_on_row=\u00a0\u00bbno\u00a0\u00bb][vc_column_inner][no_elements_holder number_of_columns=\u00a0\u00bbone_column\u00a0\u00bb][no_elements_holder_item background_image=\u00a0\u00bb52511&Prime; item_padding=\u00a0\u00bb5% 3% 6% 9%\u00a0\u00bb aligment=\u00a0\u00bbleft\u00a0\u00bb advanced_animations=\u00a0\u00bbno\u00a0\u00bb item_padding_600_768=\u00a0\u00bb6% 2% 6% 16%\u00a0\u00bb item_padding_480_600=\u00a0\u00bb6% 2% 6% 16%\u00a0\u00bb item_padding_480=\u00a0\u00bb6% 6% 6% 20%\u00a0\u00bb][vc_column_text] Nos m\u00e9tiers [\/vc_column_text][vc_separator type=\u00a0\u00bbtransparent\u00a0\u00bb up=\u00a0\u00bb18&Prime;&#8230;<\/p>\n","protected":false},"author":1,"featured_media":0,"parent":0,"menu_order":0,"comment_status":"closed","ping_status":"closed","template":"","meta":{"_monsterinsights_skip_tracking":false,"_monsterinsights_sitenote_active":false,"_monsterinsights_sitenote_note":"","_monsterinsights_sitenote_category":0,"footnotes":""},"class_list":["post-57782","page","type-page","status-publish","hentry"],"_links":{"self":[{"href":"https:\/\/smgw.fr\/index.php?rest_route=\/wp\/v2\/pages\/57782","targetHints":{"allow":["GET"]}}],"collection":[{"href":"https:\/\/smgw.fr\/index.php?rest_route=\/wp\/v2\/pages"}],"about":[{"href":"https:\/\/smgw.fr\/index.php?rest_route=\/wp\/v2\/types\/page"}],"author":[{"embeddable":true,"href":"https:\/\/smgw.fr\/index.php?rest_route=\/wp\/v2\/users\/1"}],"replies":[{"embeddable":true,"href":"https:\/\/smgw.fr\/index.php?rest_route=%2Fwp%2Fv2%2Fcomments&post=57782"}],"version-history":[{"count":5,"href":"https:\/\/smgw.fr\/index.php?rest_route=\/wp\/v2\/pages\/57782\/revisions"}],"predecessor-version":[{"id":57788,"href":"https:\/\/smgw.fr\/index.php?rest_route=\/wp\/v2\/pages\/57782\/revisions\/57788"}],"wp:attachment":[{"href":"https:\/\/smgw.fr\/index.php?rest_route=%2Fwp%2Fv2%2Fmedia&parent=57782"}],"curies":[{"name":"wp","href":"https:\/\/api.w.org\/{rel}","templated":true}]}}