{"id":1412,"date":"2015-09-08T11:36:29","date_gmt":"2015-09-08T11:36:29","guid":{"rendered":"http:\/\/pitch.select-themes.com\/?page_id=1412"},"modified":"2020-11-28T14:20:08","modified_gmt":"2020-11-28T13:20:08","slug":"contactez-nous","status":"publish","type":"page","link":"https:\/\/smgw.fr\/?page_id=1412","title":{"rendered":"Contactez-nous"},"content":{"rendered":"<p>[vc_row row_type=\u00a0\u00bbrow\u00a0\u00bb use_row_as_full_screen_section=\u00a0\u00bbno\u00a0\u00bb type=\u00a0\u00bbgrid\u00a0\u00bb text_align=\u00a0\u00bbleft\u00a0\u00bb padding_top=\u00a0\u00bb39&Prime; css_animation=\u00a0\u00bb\u00a0\u00bb box_shadow_on_row=\u00a0\u00bbno\u00a0\u00bb oblique_section=\u00a0\u00bbno\u00a0\u00bb triangle_shape=\u00a0\u00bbno\u00a0\u00bb][vc_column width=\u00a0\u00bb5\/6&Prime; offset=\u00a0\u00bbvc_col-md-6 vc_col-xs-12&Prime;][vc_separator type=\u00a0\u00bbtransparent\u00a0\u00bb up=\u00a0\u00bb10&Prime; up_style=\u00a0\u00bbpx\u00a0\u00bb down=\u00a0\u00bb0&Prime; down_style=\u00a0\u00bbpx\u00a0\u00bb]<div class=\"custom_font_holder\" style=\"font-family: Montserrat; font-size: 25px; line-height: 30px; font-style: normal; font-weight: 700; color: #2e2e2e; text-decoration: none; letter-spacing: -0.5px;; text-transform: capitalize; text-align: left\" data-font-size=25 data-line-height=30 ><div  ><p>Envie d&rsquo;une information ou d&rsquo;un devis ?<\/p>\n<\/div><\/div>[vc_separator type=\u00a0\u00bbtransparent\u00a0\u00bb up=\u00a0\u00bb18&Prime; up_style=\u00a0\u00bbpx\u00a0\u00bb down=\u00a0\u00bb0&Prime; down_style=\u00a0\u00bbpx\u00a0\u00bb]<div role=\"form\" class=\"wpcf7\" id=\"wpcf7-f57705-o1\" lang=\"fr-FR\" dir=\"ltr\">\n<div class=\"screen-reader-response\" role=\"alert\" aria-live=\"polite\"><\/div>\n<form action=\"\/index.php?rest_route=%2Fwp%2Fv2%2Fpages%2F1412#wpcf7-f57705-o1\" method=\"post\" class=\"wpcf7-form init cf7_custom_style_2\" novalidate=\"novalidate\">\n<div style=\"display: none;\">\n<input type=\"hidden\" name=\"_wpcf7\" value=\"57705\" \/>\n<input type=\"hidden\" name=\"_wpcf7_version\" value=\"5.2\" \/>\n<input type=\"hidden\" name=\"_wpcf7_locale\" value=\"fr_FR\" \/>\n<input type=\"hidden\" name=\"_wpcf7_unit_tag\" value=\"wpcf7-f57705-o1\" \/>\n<input type=\"hidden\" name=\"_wpcf7_container_post\" value=\"0\" \/>\n<input type=\"hidden\" name=\"_wpcf7_posted_data_hash\" value=\"\" \/>\n<input type=\"hidden\" name=\"_wpcf7_recaptcha_response\" value=\"\" \/>\n<\/div>\n<p><label> Votre Raison sociale (obligatoire)<br \/>\n    <span class=\"wpcf7-form-control-wrap Raisonsociale\"><input type=\"text\" name=\"Raisonsociale\" value=\"\" size=\"40\" class=\"wpcf7-form-control wpcf7-text wpcf7-validates-as-required\" aria-required=\"true\" aria-invalid=\"false\" \/><\/span> <\/label><\/p>\n<p><label> Votre Nom (obligatoire)<br \/>\n    <span class=\"wpcf7-form-control-wrap your-name\"><input type=\"text\" name=\"your-name\" value=\"\" size=\"40\" class=\"wpcf7-form-control wpcf7-text wpcf7-validates-as-required\" aria-required=\"true\" aria-invalid=\"false\" \/><\/span> <\/label><\/p>\n<p><label> Votre Pr\u00e9nom (obligatoire)<br \/>\n    <span class=\"wpcf7-form-control-wrap Votreprnom\"><input type=\"text\" name=\"Votreprnom\" value=\"\" size=\"40\" class=\"wpcf7-form-control wpcf7-text wpcf7-validates-as-required\" aria-required=\"true\" aria-invalid=\"false\" \/><\/span> <\/label><\/p>\n<p><label> Votre Poste (obligatoire)<br \/>\n    <span class=\"wpcf7-form-control-wrap Votreposte\"><input type=\"text\" name=\"Votreposte\" value=\"\" size=\"40\" class=\"wpcf7-form-control wpcf7-text\" aria-invalid=\"false\" \/><\/span> <\/label><\/p>\n<p><label> Votre email (obligatoire)<br \/>\n    <span class=\"wpcf7-form-control-wrap your-email\"><input type=\"email\" name=\"your-email\" value=\"\" size=\"40\" class=\"wpcf7-form-control wpcf7-text wpcf7-email wpcf7-validates-as-required wpcf7-validates-as-email\" aria-required=\"true\" aria-invalid=\"false\" \/><\/span> <\/label><\/p>\n<p><label> Votre t\u00e9l\u00e9phone fixe (obligatoire)<br \/>\n    <span class=\"wpcf7-form-control-wrap telfixe\"><input type=\"tel\" name=\"telfixe\" value=\"\" size=\"40\" class=\"wpcf7-form-control wpcf7-text wpcf7-tel wpcf7-validates-as-tel\" aria-invalid=\"false\" \/><\/span> <\/label><\/p>\n<p><label> Votre t\u00e9l\u00e9phone portable (obligatoire)<br \/>\n    <span class=\"wpcf7-form-control-wrap telportable\"><input type=\"tel\" name=\"telportable\" value=\"\" size=\"40\" class=\"wpcf7-form-control wpcf7-text wpcf7-tel wpcf7-validates-as-tel\" aria-invalid=\"false\" \/><\/span> <\/label><\/p>\n<p><label> Objet (obligatoire)<br \/>\n    <span class=\"wpcf7-form-control-wrap your-subject\"><input type=\"text\" name=\"your-subject\" value=\"\" size=\"40\" class=\"wpcf7-form-control wpcf7-text\" aria-invalid=\"false\" \/><\/span> <\/label><\/p>\n<p><label> Votre message (obligatoire)<br \/>\n    <span class=\"wpcf7-form-control-wrap your-message\"><textarea name=\"your-message\" cols=\"40\" rows=\"10\" class=\"wpcf7-form-control wpcf7-textarea\" aria-invalid=\"false\"><\/textarea><\/span> <\/label><\/p>\n\n<p><br><br \/>\n<input type=\"submit\" value=\"Envoyer\" class=\"wpcf7-form-control wpcf7-submit\" \/><\/p>\n<div class=\"wpcf7-response-output\" role=\"alert\" aria-hidden=\"true\"><\/div><\/form><\/div>[vc_separator type=\u00a0\u00bbtransparent\u00a0\u00bb up=\u00a0\u00bb40&Prime; up_style=\u00a0\u00bbpx\u00a0\u00bb down=\u00a0\u00bb0&Prime; down_style=\u00a0\u00bbpx\u00a0\u00bb][\/vc_column][vc_column width=\u00a0\u00bb1\/6&Prime; offset=\u00a0\u00bbvc_col-md-6 vc_col-xs-12&Prime;][vc_separator type=\u00a0\u00bbtransparent\u00a0\u00bb up=\u00a0\u00bb10&Prime; up_style=\u00a0\u00bbpx\u00a0\u00bb down=\u00a0\u00bb0&Prime; down_style=\u00a0\u00bbpx\u00a0\u00bb]<div class=\"custom_font_holder\" style=\"font-family: Montserrat; font-size: 25px; line-height: 30px; font-style: normal; font-weight: 700; color: #2e2e2e; text-decoration: none; letter-spacing: -1px;; text-transform: capitalize; text-align: left\" data-font-size=25 data-line-height=30 ><div  ><p>Nos bureaux<\/p>\n<\/div><\/div>[vc_separator type=\u00a0\u00bbtransparent\u00a0\u00bb up=\u00a0\u00bb30&Prime; up_style=\u00a0\u00bbpx\u00a0\u00bb down=\u00a0\u00bb0&Prime; down_style=\u00a0\u00bbpx\u00a0\u00bb][vc_column_text]<strong>Agence Commerciale :<\/strong><\/p>\n<p>1, rue de la Chasi\u00e8re<br \/>\n78490 M\u00e9r\u00e9<br \/>\nT\u00e9l\u00e9phone :\u00a0<b><a href=\"tel:0130480578\">01 30 48 05 78<\/a><\/b><br \/>\nFax :\u00a0<b>01 41 58 13 49<\/b><\/p>\n<div class=\"separator transparent \">Email :\u00a0<b><a href=\"mailto:info@smilair.fr\">info@smilair.fr<\/a><\/b><\/div>\n<p>[\/vc_column_text][vc_separator type=\u00a0\u00bbtransparent\u00a0\u00bb up=\u00a0\u00bb30&Prime; up_style=\u00a0\u00bbpx\u00a0\u00bb down=\u00a0\u00bb0&Prime; down_style=\u00a0\u00bbpx\u00a0\u00bb][vc_column_text]<\/p>\n<div class=\"separator transparent \"><strong>Si\u00e8ge Social :<\/strong><br \/>\n8, rue Lavoisier<br \/>\n78640 Saint-Germain de la Grange<b><\/b><\/div>\n<p>[\/vc_column_text][vc_separator type=\u00a0\u00bbtransparent\u00a0\u00bb up=\u00a0\u00bb30&Prime; up_style=\u00a0\u00bbpx\u00a0\u00bb down=\u00a0\u00bb0&Prime; down_style=\u00a0\u00bbpx\u00a0\u00bb][vc_column_text]<\/p>\n<div><strong>Agence Centre Ouest :<\/strong><br \/>\n3, rue 17 juin<br \/>\n28190 Saint-Georges-sur-Eure<b><br \/>\n<\/b><\/div>\n<p>[\/vc_column_text][vc_separator type=\u00a0\u00bbtransparent\u00a0\u00bb up=\u00a0\u00bb30&Prime; up_style=\u00a0\u00bbpx\u00a0\u00bb down=\u00a0\u00bb0&Prime; down_style=\u00a0\u00bbpx\u00a0\u00bb][vc_column_text]<strong>Agence SMP :<\/strong><b><br \/>\n<\/b>85, rue Antoine Becquerel<br \/>\n11100 Narbonne<b><br \/>\n<\/b>[\/vc_column_text][vc_separator type=\u00a0\u00bbtransparent\u00a0\u00bb up=\u00a0\u00bb90&Prime; up_style=\u00a0\u00bbpx\u00a0\u00bb down=\u00a0\u00bb0&Prime; down_style=\u00a0\u00bbpx\u00a0\u00bb][vc_column_text]<\/p>\n<pre>Donn\u00e9es personnelles\r\n\r\n<strong><em>Avertissement\u00a0<\/em><\/strong><em>\r\nCe mod\u00e8le sera ult\u00e9rieurement compl\u00e9t\u00e9 par l\u2019information concernant les directives relatives au sort des donn\u00e9es \u00e0 caract\u00e8re personnel apr\u00e8s la mort (article 32-I-6\u00b0 de la loi du 6 janvier 1978 modifi\u00e9e).\u00a0<\/em>\r\n\r\nLes informations recueillies sur ce formulaire sont enregistr\u00e9es dans un fichier informatis\u00e9 par\u00a0<strong>SMILAIR MGW\u00a0<\/strong>pour\u00a0<strong>la gestion du formulaire de satisfaction client<\/strong><strong>,\u00a0la gestion des prises de contacts via le site,\u00a0la gestion de la prospection commerciale.<\/strong>\r\n\r\nElles sont conserv\u00e9es pendant<strong>\u00a0le temps n\u00e9cessaire aux op\u00e9rations pour lesquelles elles ont \u00e9t\u00e9 collect\u00e9es et dans le respect de la r\u00e9glementation en vigueur\u00a0<\/strong>et sont destin\u00e9es<strong>\u00a0au service marketing<\/strong><strong>,\u00a0au service commercial\u00a0et service DRH.<\/strong>\r\n\r\nConform\u00e9ment \u00e0 la\u00a0<a href=\"https:\/\/www.cnil.fr\/fr\/loi-78-17-du-6-janvier-1978-modifiee\" data-saferedirecturl=\"https:\/\/www.google.com\/url?hl=fr&amp;q=https:\/\/www.cnil.fr\/fr\/loi-78-17-du-6-janvier-1978-modifiee&amp;source=gmail&amp;ust=1526373724963000&amp;usg=AFQjCNFgQaUqAJf0S0yjUH2TyxOrXSB3bA\">loi \u00ab informatique et libert\u00e9s \u00bb<\/a>, vous pouvez exercer votre droit d'acc\u00e8s aux donn\u00e9es vous concernant et les faire rectifier en contactant :\u00a0<strong>\u00e0 l\u2019adresse de courrier \u00e9lectronique\u00a0<a href=\"mailto:privacy@smilair.fr\">privacy@smilair.fr<\/a>\u00a0ou \u00e0 l\u2019adresse suivante : SMILAIR MGW - Responsable RSE -\u00a0<a href=\"https:\/\/maps.google.com\/?q=1,+rue+de+Gally+-+78450+CHAVENAY&amp;entry=gmail&amp;source=g\">1, rue de Gally - 78450 CHAVENAY<\/a><\/strong><\/pre>\n<p>[\/vc_column_text][\/vc_column][\/vc_row]<\/p>\n","protected":false},"excerpt":{"rendered":"<p>[vc_row row_type=\u00a0\u00bbrow\u00a0\u00bb use_row_as_full_screen_section=\u00a0\u00bbno\u00a0\u00bb type=\u00a0\u00bbgrid\u00a0\u00bb text_align=\u00a0\u00bbleft\u00a0\u00bb padding_top=\u00a0\u00bb39&Prime; css_animation=\u00a0\u00bb\u00a0\u00bb box_shadow_on_row=\u00a0\u00bbno\u00a0\u00bb oblique_section=\u00a0\u00bbno\u00a0\u00bb triangle_shape=\u00a0\u00bbno\u00a0\u00bb][vc_column width=\u00a0\u00bb5\/6&Prime; offset=\u00a0\u00bbvc_col-md-6 vc_col-xs-12&Prime;][vc_separator type=\u00a0\u00bbtransparent\u00a0\u00bb up=\u00a0\u00bb10&Prime; up_style=\u00a0\u00bbpx\u00a0\u00bb down=\u00a0\u00bb0&Prime; down_style=\u00a0\u00bbpx\u00a0\u00bb][vc_separator type=\u00a0\u00bbtransparent\u00a0\u00bb up=\u00a0\u00bb18&Prime; up_style=\u00a0\u00bbpx\u00a0\u00bb down=\u00a0\u00bb0&Prime; down_style=\u00a0\u00bbpx\u00a0\u00bb][vc_separator type=\u00a0\u00bbtransparent\u00a0\u00bb up=\u00a0\u00bb40&Prime; up_style=\u00a0\u00bbpx\u00a0\u00bb down=\u00a0\u00bb0&Prime; down_style=\u00a0\u00bbpx\u00a0\u00bb][\/vc_column][vc_column width=\u00a0\u00bb1\/6&Prime; offset=\u00a0\u00bbvc_col-md-6 vc_col-xs-12&Prime;][vc_separator type=\u00a0\u00bbtransparent\u00a0\u00bb up=\u00a0\u00bb10&Prime; up_style=\u00a0\u00bbpx\u00a0\u00bb down=\u00a0\u00bb0&Prime; down_style=\u00a0\u00bbpx\u00a0\u00bb][vc_separator type=\u00a0\u00bbtransparent\u00a0\u00bb up=\u00a0\u00bb30&Prime; up_style=\u00a0\u00bbpx\u00a0\u00bb down=\u00a0\u00bb0&Prime; down_style=\u00a0\u00bbpx\u00a0\u00bb][vc_column_text]Agence Commerciale : 1, rue&#8230;<\/p>\n","protected":false},"author":1,"featured_media":0,"parent":0,"menu_order":0,"comment_status":"closed","ping_status":"closed","template":"full_width.php","meta":{"_monsterinsights_skip_tracking":false,"_monsterinsights_sitenote_active":false,"_monsterinsights_sitenote_note":"","_monsterinsights_sitenote_category":0,"footnotes":""},"class_list":["post-1412","page","type-page","status-publish","hentry"],"_links":{"self":[{"href":"https:\/\/smgw.fr\/index.php?rest_route=\/wp\/v2\/pages\/1412","targetHints":{"allow":["GET"]}}],"collection":[{"href":"https:\/\/smgw.fr\/index.php?rest_route=\/wp\/v2\/pages"}],"about":[{"href":"https:\/\/smgw.fr\/index.php?rest_route=\/wp\/v2\/types\/page"}],"author":[{"embeddable":true,"href":"https:\/\/smgw.fr\/index.php?rest_route=\/wp\/v2\/users\/1"}],"replies":[{"embeddable":true,"href":"https:\/\/smgw.fr\/index.php?rest_route=%2Fwp%2Fv2%2Fcomments&post=1412"}],"version-history":[{"count":35,"href":"https:\/\/smgw.fr\/index.php?rest_route=\/wp\/v2\/pages\/1412\/revisions"}],"predecessor-version":[{"id":58072,"href":"https:\/\/smgw.fr\/index.php?rest_route=\/wp\/v2\/pages\/1412\/revisions\/58072"}],"wp:attachment":[{"href":"https:\/\/smgw.fr\/index.php?rest_route=%2Fwp%2Fv2%2Fmedia&parent=1412"}],"curies":[{"name":"wp","href":"https:\/\/api.w.org\/{rel}","templated":true}]}}